{"id":919,"date":"2020-12-17T01:48:43","date_gmt":"2020-12-17T05:48:43","guid":{"rendered":"https:\/\/maitrisons-lenergie.com\/index.php\/contact-us\/"},"modified":"2023-08-11T02:50:23","modified_gmt":"2023-08-11T06:50:23","slug":"contacts","status":"publish","type":"page","link":"https:\/\/maitrisons-lenergie.com\/index.php\/contacts\/","title":{"rendered":"Contacts"},"content":{"rendered":"\t\t<div data-elementor-type=\"wp-page\" data-elementor-id=\"919\" class=\"elementor elementor-919\" data-elementor-post-type=\"page\">\n\t\t\t\t\t\t<section class=\"elementor-section elementor-top-section elementor-element elementor-element-ff5ac0b elementor-section-boxed elementor-section-height-default elementor-section-height-default elementor-invisible\" data-id=\"ff5ac0b\" data-element_type=\"section\" data-e-type=\"section\" data-settings=\"{&quot;background_background&quot;:&quot;classic&quot;,&quot;animation&quot;:&quot;fadeIn&quot;}\">\n\t\t\t\t\t\t<div class=\"elementor-container elementor-column-gap-no\">\n\t\t\t\t\t<div class=\"elementor-column elementor-col-50 elementor-top-column elementor-element elementor-element-715cad7\" data-id=\"715cad7\" data-element_type=\"column\" data-e-type=\"column\">\n\t\t\t<div class=\"elementor-widget-wrap elementor-element-populated\">\n\t\t\t\t\t\t<div class=\"elementor-element elementor-element-38d049c elementor-widget elementor-widget-heading\" data-id=\"38d049c\" data-element_type=\"widget\" data-e-type=\"widget\" data-widget_type=\"heading.default\">\n\t\t\t\t<div class=\"elementor-widget-container\">\n\t\t\t\t\t<h1 class=\"elementor-heading-title elementor-size-default\">Particuliers : Contactez-nous<\/h1>\t\t\t\t<\/div>\n\t\t\t\t<\/div>\n\t\t\t\t<div class=\"elementor-element elementor-element-ace55d7 elementor-widget elementor-widget-text-editor\" data-id=\"ace55d7\" data-element_type=\"widget\" data-e-type=\"widget\" data-widget_type=\"text-editor.default\">\n\t\t\t\t<div class=\"elementor-widget-container\">\n\t\t\t\t\t\t\t\t\tBesoin d&rsquo;aide pour ma\u00eetriser votre consommation d&rsquo;\u00e9nergie ? Vous \u00eates au bon endroit ! N&rsquo;h\u00e9sitez pas \u00e0 nous contacter pour toutes vos questions en tant que particulier.\t\t\t\t\t\t\t\t<\/div>\n\t\t\t\t<\/div>\n\t\t\t\t<div class=\"elementor-element elementor-element-6280d6e elementor-widget elementor-widget-spacer\" data-id=\"6280d6e\" data-element_type=\"widget\" data-e-type=\"widget\" data-widget_type=\"spacer.default\">\n\t\t\t\t<div class=\"elementor-widget-container\">\n\t\t\t\t\t\t\t<div class=\"elementor-spacer\">\n\t\t\t<div class=\"elementor-spacer-inner\"><\/div>\n\t\t<\/div>\n\t\t\t\t\t\t<\/div>\n\t\t\t\t<\/div>\n\t\t\t\t\t<\/div>\n\t\t<\/div>\n\t\t\t\t<div class=\"elementor-column elementor-col-50 elementor-top-column elementor-element elementor-element-3e9bf52\" data-id=\"3e9bf52\" data-element_type=\"column\" data-e-type=\"column\" data-settings=\"{&quot;background_background&quot;:&quot;classic&quot;}\">\n\t\t\t<div class=\"elementor-widget-wrap elementor-element-populated\">\n\t\t\t\t\t\t<div class=\"elementor-element elementor-element-7236584 elementor-view-stacked elementor-position-inline-start elementor-shape-circle elementor-mobile-position-block-start elementor-widget elementor-widget-icon-box\" data-id=\"7236584\" data-element_type=\"widget\" data-e-type=\"widget\" data-widget_type=\"icon-box.default\">\n\t\t\t\t<div class=\"elementor-widget-container\">\n\t\t\t\t\t\t\t<div class=\"elementor-icon-box-wrapper\">\n\n\t\t\t\t\t\t<div class=\"elementor-icon-box-icon\">\n\t\t\t\t<a href=\"tel:3620\" class=\"elementor-icon\" tabindex=\"-1\" aria-label=\"Appelez et dites &quot;\u00c9nergie&quot;\">\n\t\t\t\t<i aria-hidden=\"true\" class=\"fas fa-phone\"><\/i>\t\t\t\t<\/a>\n\t\t\t<\/div>\n\t\t\t\n\t\t\t\t\t\t<div class=\"elementor-icon-box-content\">\n\n\t\t\t\t\t\t\t\t\t<h6 class=\"elementor-icon-box-title\">\n\t\t\t\t\t\t<a href=\"tel:3620\" >\n\t\t\t\t\t\t\tAppelez et dites \"\u00c9nergie\"\t\t\t\t\t\t<\/a>\n\t\t\t\t\t<\/h6>\n\t\t\t\t\n\t\t\t\t\t\t\t\t\t<p class=\"elementor-icon-box-description\">\n\t\t\t\t\t\t<a href=\"tel:3620\">3620<\/a>\t\t\t\t\t<\/p>\n\t\t\t\t\n\t\t\t<\/div>\n\t\t\t\n\t\t<\/div>\n\t\t\t\t\t\t<\/div>\n\t\t\t\t<\/div>\n\t\t\t\t<div class=\"elementor-element elementor-element-97ef2df elementor-view-stacked elementor-position-inline-start elementor-shape-circle elementor-mobile-position-block-start elementor-widget elementor-widget-icon-box\" data-id=\"97ef2df\" data-element_type=\"widget\" data-e-type=\"widget\" data-widget_type=\"icon-box.default\">\n\t\t\t\t<div class=\"elementor-widget-container\">\n\t\t\t\t\t\t\t<div class=\"elementor-icon-box-wrapper\">\n\n\t\t\t\t\t\t<div class=\"elementor-icon-box-icon\">\n\t\t\t\t<a href=\"mailto:contact@maitrisons-lenergie.gp\" class=\"elementor-icon\" tabindex=\"-1\" aria-label=\"Envoyez un email \u00e0 :\">\n\t\t\t\t<i aria-hidden=\"true\" class=\"fas fa-envelope\"><\/i>\t\t\t\t<\/a>\n\t\t\t<\/div>\n\t\t\t\n\t\t\t\t\t\t<div class=\"elementor-icon-box-content\">\n\n\t\t\t\t\t\t\t\t\t<h6 class=\"elementor-icon-box-title\">\n\t\t\t\t\t\t<a href=\"mailto:contact@maitrisons-lenergie.gp\" >\n\t\t\t\t\t\t\tEnvoyez un email \u00e0 :\t\t\t\t\t\t<\/a>\n\t\t\t\t\t<\/h6>\n\t\t\t\t\n\t\t\t\t\t\t\t\t\t<p class=\"elementor-icon-box-description\">\n\t\t\t\t\t\t<a href=\"mailto:contact@maitrisons-lenergie.gp\">contact@maitrisons-lenergie.gp<\/a>\t\t\t\t\t<\/p>\n\t\t\t\t\n\t\t\t<\/div>\n\t\t\t\n\t\t<\/div>\n\t\t\t\t\t\t<\/div>\n\t\t\t\t<\/div>\n\t\t\t\t<div class=\"elementor-element elementor-element-1625d65 elementor-widget elementor-widget-text-editor\" data-id=\"1625d65\" data-element_type=\"widget\" data-e-type=\"widget\" data-widget_type=\"text-editor.default\">\n\t\t\t\t<div class=\"elementor-widget-container\">\n\t\t\t\t\t\t\t\t\t<p>Si vous \u00eates un professionnel : <strong><a href=\"https:\/\/maitrisons-lenergie.com\/index.php\/contacts-professionnels\/\">cliquez ici<\/a><\/strong><\/p>\t\t\t\t\t\t\t\t<\/div>\n\t\t\t\t<\/div>\n\t\t\t\t\t<\/div>\n\t\t<\/div>\n\t\t\t\t\t<\/div>\n\t\t<\/section>\n\t\t\t\t<\/div>\n\t\t","protected":false},"excerpt":{"rendered":"<p>Particuliers : Contactez-nous Besoin d&rsquo;aide pour ma\u00eetriser votre consommation d&rsquo;\u00e9nergie ? Vous \u00eates au bon endroit ! N&rsquo;h\u00e9sitez pas \u00e0 nous contacter pour toutes vos questions en tant que particulier. Appelez et dites \u00ab\u00a0\u00c9nergie\u00a0\u00bb 3620 Envoyez un email \u00e0 : contact@maitrisons-lenergie.gp Si vous \u00eates un professionnel : cliquez ici<\/p>\n","protected":false},"author":1,"featured_media":0,"parent":0,"menu_order":0,"comment_status":"closed","ping_status":"closed","template":"","meta":{"site-sidebar-layout":"no-sidebar","site-content-layout":"page-builder","ast-site-content-layout":"default","site-content-style":"default","site-sidebar-style":"default","ast-global-header-display":"","ast-banner-title-visibility":"","ast-main-header-display":"","ast-hfb-above-header-display":"","ast-hfb-below-header-display":"","ast-hfb-mobile-header-display":"","site-post-title":"disabled","ast-breadcrumbs-content":"","ast-featured-img":"disabled","footer-sml-layout":"","ast-disable-related-posts":"","theme-transparent-header-meta":"enabled","adv-header-id-meta":"","stick-header-meta":"","header-above-stick-meta":"","header-main-stick-meta":"","header-below-stick-meta":"","astra-migrate-meta-layouts":"default","ast-page-background-enabled":"default","ast-page-background-meta":{"desktop":{"background-color":"","background-image":"","background-repeat":"repeat","background-position":"center center","background-size":"auto","background-attachment":"scroll","background-type":"","background-media":"","overlay-type":"","overlay-color":"","overlay-opacity":"","overlay-gradient":""},"tablet":{"background-color":"","background-image":"","background-repeat":"repeat","background-position":"center center","background-size":"auto","background-attachment":"scroll","background-type":"","background-media":"","overlay-type":"","overlay-color":"","overlay-opacity":"","overlay-gradient":""},"mobile":{"background-color":"","background-image":"","background-repeat":"repeat","background-position":"center center","background-size":"auto","background-attachment":"scroll","background-type":"","background-media":"","overlay-type":"","overlay-color":"","overlay-opacity":"","overlay-gradient":""}},"ast-content-background-meta":{"desktop":{"background-color":"var(--ast-global-color-5)","background-image":"","background-repeat":"repeat","background-position":"center center","background-size":"auto","background-attachment":"scroll","background-type":"","background-media":"","overlay-type":"","overlay-color":"","overlay-opacity":"","overlay-gradient":""},"tablet":{"background-color":"var(--ast-global-color-5)","background-image":"","background-repeat":"repeat","background-position":"center center","background-size":"auto","background-attachment":"scroll","background-type":"","background-media":"","overlay-type":"","overlay-color":"","overlay-opacity":"","overlay-gradient":""},"mobile":{"background-color":"var(--ast-global-color-5)","background-image":"","background-repeat":"repeat","background-position":"center center","background-size":"auto","background-attachment":"scroll","background-type":"","background-media":"","overlay-type":"","overlay-color":"","overlay-opacity":"","overlay-gradient":""}},"footnotes":""},"class_list":["post-919","page","type-page","status-publish","hentry"],"yoast_head":"<!-- This site is optimized with the Yoast SEO plugin v27.5 - https:\/\/yoast.com\/product\/yoast-seo-wordpress\/ -->\n<title>Contacts - Maitrisons l&#039;\u00e9nergie<\/title>\n<meta name=\"robots\" content=\"index, follow, max-snippet:-1, max-image-preview:large, max-video-preview:-1\" \/>\n<link rel=\"canonical\" href=\"https:\/\/maitrisons-lenergie.com\/index.php\/contacts\/\" \/>\n<meta property=\"og:locale\" content=\"fr_FR\" \/>\n<meta property=\"og:type\" content=\"article\" \/>\n<meta property=\"og:title\" content=\"Contacts - Maitrisons l&#039;\u00e9nergie\" \/>\n<meta property=\"og:description\" content=\"Particuliers : Contactez-nous Besoin d&rsquo;aide pour ma\u00eetriser votre consommation d&rsquo;\u00e9nergie ? Vous \u00eates au bon endroit ! N&rsquo;h\u00e9sitez pas \u00e0 nous contacter pour toutes vos questions en tant que particulier. Appelez et dites \u00ab\u00a0\u00c9nergie\u00a0\u00bb 3620 Envoyez un email \u00e0 : contact@maitrisons-lenergie.gp Si vous \u00eates un professionnel : cliquez ici\" \/>\n<meta property=\"og:url\" content=\"https:\/\/maitrisons-lenergie.com\/index.php\/contacts\/\" \/>\n<meta property=\"og:site_name\" content=\"Maitrisons l&#039;\u00e9nergie\" \/>\n<meta property=\"article:modified_time\" content=\"2023-08-11T06:50:23+00:00\" \/>\n<meta name=\"twitter:card\" content=\"summary_large_image\" \/>\n<meta name=\"twitter:label1\" content=\"Dur\u00e9e de lecture estim\u00e9e\" \/>\n\t<meta name=\"twitter:data1\" content=\"1 minute\" \/>\n<script type=\"application\/ld+json\" class=\"yoast-schema-graph\">{\"@context\":\"https:\\\/\\\/schema.org\",\"@graph\":[{\"@type\":\"WebPage\",\"@id\":\"https:\\\/\\\/maitrisons-lenergie.com\\\/index.php\\\/contacts\\\/\",\"url\":\"https:\\\/\\\/maitrisons-lenergie.com\\\/index.php\\\/contacts\\\/\",\"name\":\"Contacts - Maitrisons l&#039;\u00e9nergie\",\"isPartOf\":{\"@id\":\"https:\\\/\\\/maitrisons-lenergie.com\\\/#website\"},\"datePublished\":\"2020-12-17T05:48:43+00:00\",\"dateModified\":\"2023-08-11T06:50:23+00:00\",\"breadcrumb\":{\"@id\":\"https:\\\/\\\/maitrisons-lenergie.com\\\/index.php\\\/contacts\\\/#breadcrumb\"},\"inLanguage\":\"fr-FR\",\"potentialAction\":[{\"@type\":\"ReadAction\",\"target\":[\"https:\\\/\\\/maitrisons-lenergie.com\\\/index.php\\\/contacts\\\/\"]}]},{\"@type\":\"BreadcrumbList\",\"@id\":\"https:\\\/\\\/maitrisons-lenergie.com\\\/index.php\\\/contacts\\\/#breadcrumb\",\"itemListElement\":[{\"@type\":\"ListItem\",\"position\":1,\"name\":\"Accueil\",\"item\":\"https:\\\/\\\/maitrisons-lenergie.com\\\/\"},{\"@type\":\"ListItem\",\"position\":2,\"name\":\"Contacts\"}]},{\"@type\":\"WebSite\",\"@id\":\"https:\\\/\\\/maitrisons-lenergie.com\\\/#website\",\"url\":\"https:\\\/\\\/maitrisons-lenergie.com\\\/\",\"name\":\"Maitrisons l&#039;\u00e9nergie\",\"description\":\"Agissons pour maitriser l&#039;\u00e9nergie\",\"publisher\":{\"@id\":\"https:\\\/\\\/maitrisons-lenergie.com\\\/#organization\"},\"potentialAction\":[{\"@type\":\"SearchAction\",\"target\":{\"@type\":\"EntryPoint\",\"urlTemplate\":\"https:\\\/\\\/maitrisons-lenergie.com\\\/?s={search_term_string}\"},\"query-input\":{\"@type\":\"PropertyValueSpecification\",\"valueRequired\":true,\"valueName\":\"search_term_string\"}}],\"inLanguage\":\"fr-FR\"},{\"@type\":\"Organization\",\"@id\":\"https:\\\/\\\/maitrisons-lenergie.com\\\/#organization\",\"name\":\"Maitrisons l&#039;\u00e9nergie\",\"url\":\"https:\\\/\\\/maitrisons-lenergie.com\\\/\",\"logo\":{\"@type\":\"ImageObject\",\"inLanguage\":\"fr-FR\",\"@id\":\"https:\\\/\\\/maitrisons-lenergie.com\\\/#\\\/schema\\\/logo\\\/image\\\/\",\"url\":\"https:\\\/\\\/maitrisons-lenergie.com\\\/wp-content\\\/uploads\\\/2023\\\/07\\\/cropped-regural.png\",\"contentUrl\":\"https:\\\/\\\/maitrisons-lenergie.com\\\/wp-content\\\/uploads\\\/2023\\\/07\\\/cropped-regural.png\",\"width\":370,\"height\":140,\"caption\":\"Maitrisons l&#039;\u00e9nergie\"},\"image\":{\"@id\":\"https:\\\/\\\/maitrisons-lenergie.com\\\/#\\\/schema\\\/logo\\\/image\\\/\"}}]}<\/script>\n<!-- \/ Yoast SEO plugin. -->","yoast_head_json":{"title":"Contacts - Maitrisons l&#039;\u00e9nergie","robots":{"index":"index","follow":"follow","max-snippet":"max-snippet:-1","max-image-preview":"max-image-preview:large","max-video-preview":"max-video-preview:-1"},"canonical":"https:\/\/maitrisons-lenergie.com\/index.php\/contacts\/","og_locale":"fr_FR","og_type":"article","og_title":"Contacts - Maitrisons l&#039;\u00e9nergie","og_description":"Particuliers : Contactez-nous Besoin d&rsquo;aide pour ma\u00eetriser votre consommation d&rsquo;\u00e9nergie ? Vous \u00eates au bon endroit ! N&rsquo;h\u00e9sitez pas \u00e0 nous contacter pour toutes vos questions en tant que particulier. Appelez et dites \u00ab\u00a0\u00c9nergie\u00a0\u00bb 3620 Envoyez un email \u00e0 : contact@maitrisons-lenergie.gp Si vous \u00eates un professionnel : cliquez ici","og_url":"https:\/\/maitrisons-lenergie.com\/index.php\/contacts\/","og_site_name":"Maitrisons l&#039;\u00e9nergie","article_modified_time":"2023-08-11T06:50:23+00:00","twitter_card":"summary_large_image","twitter_misc":{"Dur\u00e9e de lecture estim\u00e9e":"1 minute"},"schema":{"@context":"https:\/\/schema.org","@graph":[{"@type":"WebPage","@id":"https:\/\/maitrisons-lenergie.com\/index.php\/contacts\/","url":"https:\/\/maitrisons-lenergie.com\/index.php\/contacts\/","name":"Contacts - Maitrisons l&#039;\u00e9nergie","isPartOf":{"@id":"https:\/\/maitrisons-lenergie.com\/#website"},"datePublished":"2020-12-17T05:48:43+00:00","dateModified":"2023-08-11T06:50:23+00:00","breadcrumb":{"@id":"https:\/\/maitrisons-lenergie.com\/index.php\/contacts\/#breadcrumb"},"inLanguage":"fr-FR","potentialAction":[{"@type":"ReadAction","target":["https:\/\/maitrisons-lenergie.com\/index.php\/contacts\/"]}]},{"@type":"BreadcrumbList","@id":"https:\/\/maitrisons-lenergie.com\/index.php\/contacts\/#breadcrumb","itemListElement":[{"@type":"ListItem","position":1,"name":"Accueil","item":"https:\/\/maitrisons-lenergie.com\/"},{"@type":"ListItem","position":2,"name":"Contacts"}]},{"@type":"WebSite","@id":"https:\/\/maitrisons-lenergie.com\/#website","url":"https:\/\/maitrisons-lenergie.com\/","name":"Maitrisons l&#039;\u00e9nergie","description":"Agissons pour maitriser l&#039;\u00e9nergie","publisher":{"@id":"https:\/\/maitrisons-lenergie.com\/#organization"},"potentialAction":[{"@type":"SearchAction","target":{"@type":"EntryPoint","urlTemplate":"https:\/\/maitrisons-lenergie.com\/?s={search_term_string}"},"query-input":{"@type":"PropertyValueSpecification","valueRequired":true,"valueName":"search_term_string"}}],"inLanguage":"fr-FR"},{"@type":"Organization","@id":"https:\/\/maitrisons-lenergie.com\/#organization","name":"Maitrisons l&#039;\u00e9nergie","url":"https:\/\/maitrisons-lenergie.com\/","logo":{"@type":"ImageObject","inLanguage":"fr-FR","@id":"https:\/\/maitrisons-lenergie.com\/#\/schema\/logo\/image\/","url":"https:\/\/maitrisons-lenergie.com\/wp-content\/uploads\/2023\/07\/cropped-regural.png","contentUrl":"https:\/\/maitrisons-lenergie.com\/wp-content\/uploads\/2023\/07\/cropped-regural.png","width":370,"height":140,"caption":"Maitrisons l&#039;\u00e9nergie"},"image":{"@id":"https:\/\/maitrisons-lenergie.com\/#\/schema\/logo\/image\/"}}]}},"_links":{"self":[{"href":"https:\/\/maitrisons-lenergie.com\/index.php\/wp-json\/wp\/v2\/pages\/919","targetHints":{"allow":["GET"]}}],"collection":[{"href":"https:\/\/maitrisons-lenergie.com\/index.php\/wp-json\/wp\/v2\/pages"}],"about":[{"href":"https:\/\/maitrisons-lenergie.com\/index.php\/wp-json\/wp\/v2\/types\/page"}],"author":[{"embeddable":true,"href":"https:\/\/maitrisons-lenergie.com\/index.php\/wp-json\/wp\/v2\/users\/1"}],"replies":[{"embeddable":true,"href":"https:\/\/maitrisons-lenergie.com\/index.php\/wp-json\/wp\/v2\/comments?post=919"}],"version-history":[{"count":29,"href":"https:\/\/maitrisons-lenergie.com\/index.php\/wp-json\/wp\/v2\/pages\/919\/revisions"}],"predecessor-version":[{"id":2127,"href":"https:\/\/maitrisons-lenergie.com\/index.php\/wp-json\/wp\/v2\/pages\/919\/revisions\/2127"}],"wp:attachment":[{"href":"https:\/\/maitrisons-lenergie.com\/index.php\/wp-json\/wp\/v2\/media?parent=919"}],"curies":[{"name":"wp","href":"https:\/\/api.w.org\/{rel}","templated":true}]}}